{"id":1636,"date":"2019-08-19T16:28:38","date_gmt":"2019-08-19T14:28:38","guid":{"rendered":"https:\/\/www.naturesuiteshotel.com\/gracias-newsletter\/"},"modified":"2019-08-19T16:51:32","modified_gmt":"2019-08-19T14:51:32","slug":"merci-newsletter","status":"publish","type":"page","link":"https:\/\/www.naturesuiteshotel.com\/fr\/merci-newsletter\/","title":{"rendered":"Merci Newsletter"},"content":{"rendered":"<p>[vc_row css_animation=\u00a0\u00bb\u00a0\u00bb row_type=\u00a0\u00bbrow\u00a0\u00bb use_row_as_full_screen_section=\u00a0\u00bbno\u00a0\u00bb type=\u00a0\u00bbfull_width\u00a0\u00bb angled_section=\u00a0\u00bbno\u00a0\u00bb text_align=\u00a0\u00bbleft\u00a0\u00bb background_image_as_pattern=\u00a0\u00bbwithout_pattern\u00a0\u00bb css=\u00a0\u00bb.vc_custom_1566225001383{margin-top: 50px !important;margin-bottom: 75px !important;}\u00a0\u00bb z_index=\u00a0\u00bb\u00a0\u00bb][vc_column][vc_column_text]<\/p>\n<p style=\"text-align: center;\">Merci beaucoup pour votre inscription \u00e0 notre newsletter.<\/p>\n<p>&nbsp;<\/p>\n<p>&nbsp;<\/p>\n<p style=\"text-align: center;\">Vous devez cliquer sur le courriel que nous vous avons envoy\u00e9 pour compl\u00e9ter votre abonnement.<\/p>\n<p>[\/vc_column_text][\/vc_column][\/vc_row]<\/p>\n","protected":false},"excerpt":{"rendered":"<p>[vc_row css_animation=\u00a0\u00bb\u00a0\u00bb row_type=\u00a0\u00bbrow\u00a0\u00bb use_row_as_full_screen_section=\u00a0\u00bbno\u00a0\u00bb type=\u00a0\u00bbfull_width\u00a0\u00bb angled_section=\u00a0\u00bbno\u00a0\u00bb text_align=\u00a0\u00bbleft\u00a0\u00bb background_image_as_pattern=\u00a0\u00bbwithout_pattern\u00a0\u00bb css=\u00a0\u00bb.vc_custom_1566225001383{margin-top: 50px !important;margin-bottom: 75px !important;}\u00a0\u00bb z_index=\u00a0\u00bb\u00a0\u00bb][vc_column][vc_column_text] Merci beaucoup pour votre inscription \u00e0 notre newsletter. &nbsp; &nbsp; Vous devez cliquer sur le courriel que nous vous avons envoy\u00e9 pour compl\u00e9ter votre abonnement. [\/vc_column_text][\/vc_column][\/vc_row]<\/p>\n","protected":false},"author":1,"featured_media":0,"parent":0,"menu_order":0,"comment_status":"closed","ping_status":"closed","template":"full_width.php","meta":{"footnotes":""},"yoast_head":"<!-- This site is optimized with the Yoast SEO plugin v23.5 - https:\/\/yoast.com\/wordpress\/plugins\/seo\/ -->\n<title>Merci Newsletter - Nature Suites Hotel<\/title>\n<meta name=\"robots\" content=\"index, nofollow, max-snippet:-1, max-image-preview:large, max-video-preview:-1\" \/>\n<link rel=\"canonical\" href=\"https:\/\/www.naturesuiteshotel.com\/fr\/merci-newsletter\/\" \/>\n<meta property=\"og:locale\" content=\"fr_FR\" \/>\n<meta property=\"og:type\" content=\"article\" \/>\n<meta property=\"og:title\" content=\"Merci Newsletter - Nature Suites Hotel\" \/>\n<meta property=\"og:description\" content=\"[vc_row css_animation=\u00a0\u00bb\u00a0\u00bb row_type=\u00a0\u00bbrow\u00a0\u00bb use_row_as_full_screen_section=\u00a0\u00bbno\u00a0\u00bb type=\u00a0\u00bbfull_width\u00a0\u00bb angled_section=\u00a0\u00bbno\u00a0\u00bb text_align=\u00a0\u00bbleft\u00a0\u00bb background_image_as_pattern=\u00a0\u00bbwithout_pattern\u00a0\u00bb css=\u00a0\u00bb.vc_custom_1566225001383{margin-top: 50px !important;margin-bottom: 75px !important;}\u00a0\u00bb z_index=\u00a0\u00bb\u00a0\u00bb][vc_column][vc_column_text] Merci beaucoup pour votre inscription \u00e0 notre newsletter. &nbsp; &nbsp; Vous devez cliquer sur le courriel que nous vous avons envoy\u00e9 pour compl\u00e9ter votre abonnement. [\/vc_column_text][\/vc_column][\/vc_row]\" \/>\n<meta property=\"og:url\" content=\"https:\/\/www.naturesuiteshotel.com\/fr\/merci-newsletter\/\" \/>\n<meta property=\"og:site_name\" content=\"Nature Suites Hotel\" \/>\n<meta property=\"article:modified_time\" content=\"2019-08-19T14:51:32+00:00\" \/>\n<meta name=\"twitter:card\" content=\"summary_large_image\" \/>\n<script type=\"application\/ld+json\" class=\"yoast-schema-graph\">{\"@context\":\"https:\/\/schema.org\",\"@graph\":[{\"@type\":\"WebPage\",\"@id\":\"https:\/\/www.naturesuiteshotel.com\/fr\/merci-newsletter\/\",\"url\":\"https:\/\/www.naturesuiteshotel.com\/fr\/merci-newsletter\/\",\"name\":\"Merci Newsletter - Nature Suites Hotel\",\"isPartOf\":{\"@id\":\"https:\/\/www.naturesuiteshotel.com\/#website\"},\"datePublished\":\"2019-08-19T14:28:38+00:00\",\"dateModified\":\"2019-08-19T14:51:32+00:00\",\"breadcrumb\":{\"@id\":\"https:\/\/www.naturesuiteshotel.com\/fr\/merci-newsletter\/#breadcrumb\"},\"inLanguage\":\"fr-FR\",\"potentialAction\":[{\"@type\":\"ReadAction\",\"target\":[\"https:\/\/www.naturesuiteshotel.com\/fr\/merci-newsletter\/\"]}]},{\"@type\":\"BreadcrumbList\",\"@id\":\"https:\/\/www.naturesuiteshotel.com\/fr\/merci-newsletter\/#breadcrumb\",\"itemListElement\":[{\"@type\":\"ListItem\",\"position\":1,\"name\":\"Portada\",\"item\":\"https:\/\/www.naturesuiteshotel.com\/fr\/\"},{\"@type\":\"ListItem\",\"position\":2,\"name\":\"Merci Newsletter\"}]},{\"@type\":\"WebSite\",\"@id\":\"https:\/\/www.naturesuiteshotel.com\/#website\",\"url\":\"https:\/\/www.naturesuiteshotel.com\/\",\"name\":\"Nature Suites Hotel\",\"description\":\"Hotel sostenible a los pies del Puig Campana\",\"potentialAction\":[{\"@type\":\"SearchAction\",\"target\":{\"@type\":\"EntryPoint\",\"urlTemplate\":\"https:\/\/www.naturesuiteshotel.com\/?s={search_term_string}\"},\"query-input\":{\"@type\":\"PropertyValueSpecification\",\"valueRequired\":true,\"valueName\":\"search_term_string\"}}],\"inLanguage\":\"fr-FR\"}]}<\/script>\n<!-- \/ Yoast SEO plugin. -->","yoast_head_json":{"title":"Merci Newsletter - Nature Suites Hotel","robots":{"index":"index","follow":"nofollow","max-snippet":"max-snippet:-1","max-image-preview":"max-image-preview:large","max-video-preview":"max-video-preview:-1"},"canonical":"https:\/\/www.naturesuiteshotel.com\/fr\/merci-newsletter\/","og_locale":"fr_FR","og_type":"article","og_title":"Merci Newsletter - Nature Suites Hotel","og_description":"[vc_row css_animation=\u00a0\u00bb\u00a0\u00bb row_type=\u00a0\u00bbrow\u00a0\u00bb use_row_as_full_screen_section=\u00a0\u00bbno\u00a0\u00bb type=\u00a0\u00bbfull_width\u00a0\u00bb angled_section=\u00a0\u00bbno\u00a0\u00bb text_align=\u00a0\u00bbleft\u00a0\u00bb background_image_as_pattern=\u00a0\u00bbwithout_pattern\u00a0\u00bb css=\u00a0\u00bb.vc_custom_1566225001383{margin-top: 50px !important;margin-bottom: 75px !important;}\u00a0\u00bb z_index=\u00a0\u00bb\u00a0\u00bb][vc_column][vc_column_text] Merci beaucoup pour votre inscription \u00e0 notre newsletter. &nbsp; &nbsp; Vous devez cliquer sur le courriel que nous vous avons envoy\u00e9 pour compl\u00e9ter votre abonnement. [\/vc_column_text][\/vc_column][\/vc_row]","og_url":"https:\/\/www.naturesuiteshotel.com\/fr\/merci-newsletter\/","og_site_name":"Nature Suites Hotel","article_modified_time":"2019-08-19T14:51:32+00:00","twitter_card":"summary_large_image","schema":{"@context":"https:\/\/schema.org","@graph":[{"@type":"WebPage","@id":"https:\/\/www.naturesuiteshotel.com\/fr\/merci-newsletter\/","url":"https:\/\/www.naturesuiteshotel.com\/fr\/merci-newsletter\/","name":"Merci Newsletter - Nature Suites Hotel","isPartOf":{"@id":"https:\/\/www.naturesuiteshotel.com\/#website"},"datePublished":"2019-08-19T14:28:38+00:00","dateModified":"2019-08-19T14:51:32+00:00","breadcrumb":{"@id":"https:\/\/www.naturesuiteshotel.com\/fr\/merci-newsletter\/#breadcrumb"},"inLanguage":"fr-FR","potentialAction":[{"@type":"ReadAction","target":["https:\/\/www.naturesuiteshotel.com\/fr\/merci-newsletter\/"]}]},{"@type":"BreadcrumbList","@id":"https:\/\/www.naturesuiteshotel.com\/fr\/merci-newsletter\/#breadcrumb","itemListElement":[{"@type":"ListItem","position":1,"name":"Portada","item":"https:\/\/www.naturesuiteshotel.com\/fr\/"},{"@type":"ListItem","position":2,"name":"Merci Newsletter"}]},{"@type":"WebSite","@id":"https:\/\/www.naturesuiteshotel.com\/#website","url":"https:\/\/www.naturesuiteshotel.com\/","name":"Nature Suites Hotel","description":"Hotel sostenible a los pies del Puig Campana","potentialAction":[{"@type":"SearchAction","target":{"@type":"EntryPoint","urlTemplate":"https:\/\/www.naturesuiteshotel.com\/?s={search_term_string}"},"query-input":{"@type":"PropertyValueSpecification","valueRequired":true,"valueName":"search_term_string"}}],"inLanguage":"fr-FR"}]}},"_links":{"self":[{"href":"https:\/\/www.naturesuiteshotel.com\/fr\/wp-json\/wp\/v2\/pages\/1636"}],"collection":[{"href":"https:\/\/www.naturesuiteshotel.com\/fr\/wp-json\/wp\/v2\/pages"}],"about":[{"href":"https:\/\/www.naturesuiteshotel.com\/fr\/wp-json\/wp\/v2\/types\/page"}],"author":[{"embeddable":true,"href":"https:\/\/www.naturesuiteshotel.com\/fr\/wp-json\/wp\/v2\/users\/1"}],"replies":[{"embeddable":true,"href":"https:\/\/www.naturesuiteshotel.com\/fr\/wp-json\/wp\/v2\/comments?post=1636"}],"version-history":[{"count":1,"href":"https:\/\/www.naturesuiteshotel.com\/fr\/wp-json\/wp\/v2\/pages\/1636\/revisions"}],"predecessor-version":[{"id":1639,"href":"https:\/\/www.naturesuiteshotel.com\/fr\/wp-json\/wp\/v2\/pages\/1636\/revisions\/1639"}],"wp:attachment":[{"href":"https:\/\/www.naturesuiteshotel.com\/fr\/wp-json\/wp\/v2\/media?parent=1636"}],"curies":[{"name":"wp","href":"https:\/\/api.w.org\/{rel}","templated":true}]}}