{"id":1714,"date":"2019-08-22T12:30:10","date_gmt":"2019-08-22T10:30:10","guid":{"rendered":"https:\/\/www.naturesuiteshotel.com\/?page_id=1714"},"modified":"2026-01-28T15:12:56","modified_gmt":"2026-01-28T14:12:56","slug":"chambre-double-avec-balcon","status":"publish","type":"page","link":"https:\/\/www.naturesuiteshotel.com\/fr\/chambres\/chambre-double-avec-balcon\/","title":{"rendered":"Chambre double avec balcon"},"content":{"rendered":"<p>[vc_row css_animation=\u00a0\u00bb\u00a0\u00bb row_type=\u00a0\u00bbrow\u00a0\u00bb use_row_as_full_screen_section=\u00a0\u00bbno\u00a0\u00bb type=\u00a0\u00bbgrid\u00a0\u00bb angled_section=\u00a0\u00bbno\u00a0\u00bb text_align=\u00a0\u00bbleft\u00a0\u00bb background_image_as_pattern=\u00a0\u00bbwithout_pattern\u00a0\u00bb css=\u00a0\u00bb.vc_custom_1562836562290{margin-top: 50px !important;margin-bottom: 50px !important;}\u00a0\u00bb z_index=\u00a0\u00bb\u00a0\u00bb][vc_column][rev_slider_vc alias=\u00a0\u00bbhabitacion\u00a0\u00bb][\/vc_column][\/vc_row][vc_row css_animation=\u00a0\u00bb\u00a0\u00bb row_type=\u00a0\u00bbrow\u00a0\u00bb use_row_as_full_screen_section=\u00a0\u00bbno\u00a0\u00bb type=\u00a0\u00bbgrid\u00a0\u00bb angled_section=\u00a0\u00bbno\u00a0\u00bb text_align=\u00a0\u00bbleft\u00a0\u00bb background_image_as_pattern=\u00a0\u00bbwithout_pattern\u00a0\u00bb z_index=\u00a0\u00bb\u00a0\u00bb css=\u00a0\u00bb.vc_custom_1562154976227{margin-top: 50px !important;margin-bottom: 50px !important;}\u00a0\u00bb][vc_column width=\u00a0\u00bb2\/3&Prime; offset=\u00a0\u00bbvc_col-lg-9 vc_col-md-9&Prime;][vc_column_text css=\u00a0\u00bb.vc_custom_1566469942641{padding-top: 30px !important;padding-bottom: 30px !important;}\u00a0\u00bb]<span style=\"color: #de9575;\">CHAMBRE DOUBLE AVEC BALCON<\/span><\/p>\n<p>2 adultes[\/vc_column_text][vc_column_text]<\/p>\n<p class=\"p1\"><span class=\"s1\"> Notre chambre double avec balcon fait 17 m\u00e8tres carr\u00e9s, est dot\u00e9e d\u2019une salle-de-bain avec cabine de douche ind\u00e9pendante avec vue sur le Puig Campana, s\u00e8che-cheveux et produits de toilette.<\/span><\/p>\n<p>&nbsp;<\/p>\n<p>&nbsp;<\/p>\n<p class=\"p1\"><span class=\"s1\"> Chaque chambre dispose d\u2019une s\u00e9lection de linge de literie et serviettes, matelas et oreillers de Luxury Naturconfort, ainsi que de meubles \u00e9cologiques et recyclables en bois et d\u2019une d\u00e9coration qui facilite la d\u00e9connexion d\u2019avec la routine quotidienne.<\/span><\/p>\n<p>&nbsp;<\/p>\n<p>&nbsp;<\/p>\n<p class=\"p1\"><span class=\"s1\"> Vous pourrez rester au courant de tout ce qui se passe \u00e0 l\u2019ext\u00e9rieur du complexe gr\u00e2ce \u00e0 une Smart TV de 32\u2019\u2019 et \u00e0 un r\u00e9seau WIFI grande vitesse.<\/span><\/p>\n<p>[\/vc_column_text][vc_column_text css=\u00a0\u00bb.vc_custom_1566470342448{padding-top: 30px !important;padding-bottom: 30px !important;}\u00a0\u00bb]<span style=\"color: #de9575;\">VUES SUR LE PUIG CAMPANA<\/span>[\/vc_column_text][vc_column_text]<\/p>\n<p class=\"p1\"><span class=\"s1\"> Depuis notre chambre double avec balcon vous pourrez contempler les incroyables levers et couchers de soleil, tout en profitant de l\u2019air pur de la montagne depuis les coteaux du mythique Puig Campana, l\u2019un des espaces naturels les plus singuliers de la Costa Blanca. Reconnu gr\u00e2ce \u00e0 son profil que l\u2019on ne peut confondre avec aucun autre, le Puig Campana est le deuxi\u00e8me sommet le plus \u00e9lev\u00e9 d\u2019Espagne par proximit\u00e9 de la c\u00f4te.<\/span><\/p>\n<p>[\/vc_column_text][vc_row_inner row_type=\u00a0\u00bbrow\u00a0\u00bb type=\u00a0\u00bbfull_width\u00a0\u00bb text_align=\u00a0\u00bbleft\u00a0\u00bb css_animation=\u00a0\u00bb\u00a0\u00bb][vc_column_inner width=\u00a0\u00bb1\/2&Prime;][vc_column_text css=\u00a0\u00bb.vc_custom_1566469997668{padding-top: 30px !important;padding-bottom: 30px !important;}\u00a0\u00bb]<span style=\"color: #de9575;\">INCLUS<\/span>[\/vc_column_text][vc_column_text]<\/p>\n<ul>\n<li>Air conditionn\u00e9<\/li>\n<li>Syst\u00e8me de douche effet \u00abpluie\u00bb<\/li>\n<li>Produits de toilette<\/li>\n<li>Matelas visco\u00e9lastique haut de gamme<\/li>\n<\/ul>\n<p>[\/vc_column_text][\/vc_column_inner][vc_column_inner width=\u00a0\u00bb1\/2&Prime;][vc_column_text css=\u00a0\u00bb.vc_custom_1566470097646{padding-top: 30px !important;padding-bottom: 30px !important;}\u00a0\u00bb]<span style=\"color: #de9575;\">SERVICES JOINTS<\/span>[\/vc_column_text][vc_column_text]<\/p>\n<ul>\n<li>Connexion wifi grande vitesse<\/li>\n<li>TV \u00e9cran plat de 32\u2033<\/li>\n<li>Bouteille d\u2019eau min\u00e9rale de courtoisie<\/li>\n<li>S\u00e8che-cheveux<\/li>\n<li class=\"li1\">Petit-d\u00e9jeuner compris<\/li>\n<li class=\"li1\">Parking gratuit<\/li>\n<\/ul>\n<p>[\/vc_column_text][\/vc_column_inner][\/vc_row_inner][\/vc_column][\/vc_row][vc_row css_animation=\u00a0\u00bb\u00a0\u00bb row_type=\u00a0\u00bbrow\u00a0\u00bb use_row_as_full_screen_section=\u00a0\u00bbno\u00a0\u00bb type=\u00a0\u00bbgrid\u00a0\u00bb angled_section=\u00a0\u00bbno\u00a0\u00bb text_align=\u00a0\u00bbleft\u00a0\u00bb background_image_as_pattern=\u00a0\u00bbwithout_pattern\u00a0\u00bb z_index=\u00a0\u00bb\u00a0\u00bb][vc_column offset=\u00a0\u00bbvc_hidden-lg vc_hidden-md vc_hidden-sm vc_hidden-xs\u00a0\u00bb][vc_column_text el_class=\u00a0\u00bblista_check\u00a0\u00bb]<\/p>\n<ul>\n<li>Conexi\u00f3n Wifi<\/li>\n<li>Parking gratuito<\/li>\n<li>Desayuno incluido<\/li>\n<li>Capacidad m\u00e1xima: 2 adultos<\/li>\n<\/ul>\n<p>[\/vc_column_text][\/vc_column][\/vc_row][vc_row css_animation=\u00a0\u00bb\u00a0\u00bb row_type=\u00a0\u00bbrow\u00a0\u00bb use_row_as_full_screen_section=\u00a0\u00bbno\u00a0\u00bb type=\u00a0\u00bbgrid\u00a0\u00bb angled_section=\u00a0\u00bbno\u00a0\u00bb text_align=\u00a0\u00bbleft\u00a0\u00bb background_image_as_pattern=\u00a0\u00bbwithout_pattern\u00a0\u00bb css=\u00a0\u00bb.vc_custom_1562155825207{margin-top: 75px !important;}\u00a0\u00bb z_index=\u00a0\u00bb\u00a0\u00bb][vc_column width=\u00a0\u00bb1\/3&Prime;][vc_separator type=\u00a0\u00bbsmall\u00a0\u00bb position=\u00a0\u00bbleft\u00a0\u00bb color=\u00a0\u00bb#de9575&Prime; thickness=\u00a0\u00bb3&Prime; width=\u00a0\u00bb250&Prime; up=\u00a0\u00bb0&Prime; down=\u00a0\u00bb0&Prime;][vc_column_text el_class=\u00a0\u00bbcolor_letra_salmon\u00a0\u00bb css=\u00a0\u00bb.vc_custom_1566470123879{padding-top: 30px !important;padding-bottom: 30px !important;}\u00a0\u00bb]<\/p>\n<p style=\"text-align: left;\">CHAMBRE SIMILAIRE<\/p>\n<p>[\/vc_column_text][\/vc_column][vc_column width=\u00a0\u00bb2\/3&Prime;][\/vc_column][\/vc_row][vc_row css_animation=\u00a0\u00bb\u00a0\u00bb row_type=\u00a0\u00bbrow\u00a0\u00bb use_row_as_full_screen_section=\u00a0\u00bbno\u00a0\u00bb type=\u00a0\u00bbgrid\u00a0\u00bb angled_section=\u00a0\u00bbno\u00a0\u00bb text_align=\u00a0\u00bbleft\u00a0\u00bb background_image_as_pattern=\u00a0\u00bbwithout_pattern\u00a0\u00bb css=\u00a0\u00bb.vc_custom_1562155829278{margin-bottom: 50px !important;}\u00a0\u00bb z_index=\u00a0\u00bb\u00a0\u00bb][vc_column width=\u00a0\u00bb1\/3&Prime;][vc_single_image image=\u00a0\u00bb19&Prime; img_size=\u00a0\u00bbfull\u00a0\u00bb alignment=\u00a0\u00bbcenter\u00a0\u00bb qode_css_animation=\u00a0\u00bb\u00a0\u00bb][\/vc_column][vc_column width=\u00a0\u00bb2\/3&Prime;][vc_column_text el_class=\u00a0\u00bbcolor_letra_salmon\u00a0\u00bb css=\u00a0\u00bb.vc_custom_1566470146635{padding-bottom: 30px !important;}\u00a0\u00bb]<\/p>\n<p style=\"text-align: left;\">SUITE AVEC TERRASSE<\/p>\n<p>[\/vc_column_text][vc_column_text]<\/p>\n<p class=\"p1\"><span class=\"s1\"> Suite spectaculaire, spacieuse, pratique et \u00e9l\u00e9gante, avec des points de vue impressionnants sur la mer et la montagne. Dot\u00e9es d\u2019un ample salon avec t\u00e9l\u00e9 et d\u2019un canap\u00e9-lit confortable.<\/span><\/p>\n<p>[\/vc_column_text][vc_row_inner row_type=\u00a0\u00bbrow\u00a0\u00bb type=\u00a0\u00bbfull_width\u00a0\u00bb text_align=\u00a0\u00bbleft\u00a0\u00bb css_animation=\u00a0\u00bb\u00a0\u00bb css=\u00a0\u00bb.vc_custom_1562155608394{padding-top: 30px !important;padding-bottom: 30px !important;}\u00a0\u00bb][vc_column_inner]<a  itemprop=\"url\" href=\"https:\/\/www.naturesuiteshotel.com\/fr\/chambres\/suite-avec-terrasse\" target=\"_self\"  class=\"qbutton  default\" style=\"\">PLUS DE D\u00c9TAILS<\/a>[\/vc_column_inner][\/vc_row_inner][\/vc_column][\/vc_row][vc_row css_animation=\u00a0\u00bb\u00a0\u00bb row_type=\u00a0\u00bbrow\u00a0\u00bb use_row_as_full_screen_section=\u00a0\u00bbno\u00a0\u00bb type=\u00a0\u00bbgrid\u00a0\u00bb angled_section=\u00a0\u00bbno\u00a0\u00bb text_align=\u00a0\u00bbleft\u00a0\u00bb background_image_as_pattern=\u00a0\u00bbwithout_pattern\u00a0\u00bb css=\u00a0\u00bb.vc_custom_1560966589362{margin-top: 75px !important;}\u00a0\u00bb z_index=\u00a0\u00bb\u00a0\u00bb][vc_column][vc_column_text css=\u00a0\u00bb.vc_custom_1566471696100{margin-bottom: 30px !important;}\u00a0\u00bb]<\/p>\n<h2 style=\"text-align: center;\">UN DOUTE?<\/h2>\n<p>[\/vc_column_text]\n<div class=\"wpcf7 no-js\" id=\"wpcf7-f1831-o1\" lang=\"es-ES\" dir=\"ltr\">\n<div class=\"screen-reader-response\"><p role=\"status\" aria-live=\"polite\" aria-atomic=\"true\"><\/p> <ul><\/ul><\/div>\n<form action=\"\/fr\/wp-json\/wp\/v2\/pages\/1714#wpcf7-f1831-o1\" method=\"post\" class=\"wpcf7-form init cf7_custom_style_1\" aria-label=\"Formulario de contacto\" novalidate=\"novalidate\" data-status=\"init\">\n<div style=\"display: none;\">\n<input type=\"hidden\" name=\"_wpcf7\" value=\"1831\" \/>\n<input type=\"hidden\" name=\"_wpcf7_version\" value=\"5.9.8\" \/>\n<input type=\"hidden\" name=\"_wpcf7_locale\" value=\"es_ES\" \/>\n<input type=\"hidden\" name=\"_wpcf7_unit_tag\" value=\"wpcf7-f1831-o1\" \/>\n<input type=\"hidden\" name=\"_wpcf7_container_post\" value=\"0\" \/>\n<input type=\"hidden\" name=\"_wpcf7_posted_data_hash\" value=\"\" \/>\n<input type=\"hidden\" name=\"_wpcf7_recaptcha_response\" value=\"\" \/>\n<\/div>\n<div class=\"vc_col-xs-12 vc_col-sm-6\">\n\t<p><label><span class=\"wpcf7-form-control-wrap\" data-name=\"your-name\"><input size=\"40\" maxlength=\"400\" class=\"wpcf7-form-control wpcf7-text wpcf7-validates-as-required\" aria-required=\"true\" aria-invalid=\"false\" placeholder=\"Nom\" value=\"\" type=\"text\" name=\"your-name\" \/><\/span><\/label>\n\t<\/p>\n<\/div>\n<div class=\"vc_col-xs-12 vc_col-sm-6\">\n\t<p><label><span class=\"wpcf7-form-control-wrap\" data-name=\"your-email\"><input size=\"40\" maxlength=\"400\" class=\"wpcf7-form-control wpcf7-email wpcf7-validates-as-required wpcf7-text wpcf7-validates-as-email\" aria-required=\"true\" aria-invalid=\"false\" placeholder=\"Email\" value=\"\" type=\"email\" name=\"your-email\" \/><\/span><\/label>\n\t<\/p>\n<\/div>\n<div class=\"vc_col-xs-12\">\n\t<p><label><span class=\"wpcf7-form-control-wrap\" data-name=\"destinatario\"><select class=\"wpcf7-form-control wpcf7-select wpcf7-validates-as-required\" aria-required=\"true\" aria-invalid=\"false\" name=\"destinatario\"><option value=\"Type de requ\u00eate\">Type de requ\u00eate<\/option><option value=\"Particulier\">Particulier<\/option><option value=\"Groupes\">Groupes<\/option><\/select><\/span><\/label>\n\t<\/p>\n<\/div>\n<div class=\"vc_col-xs-12\">\n\t<p><label><span class=\"wpcf7-form-control-wrap\" data-name=\"your-message\"><textarea cols=\"40\" rows=\"10\" maxlength=\"2000\" class=\"wpcf7-form-control wpcf7-textarea\" aria-invalid=\"false\" placeholder=\"Message\" name=\"your-message\"><\/textarea><\/span><\/label>\n\t<\/p>\n<\/div>\n<div class=\"vc_col-xs-12 checks_form_home\">\n\t<p><span class=\"wpcf7-form-control-wrap\" data-name=\"acceptance-303\"><span class=\"wpcf7-form-control wpcf7-acceptance\"><span class=\"wpcf7-list-item\"><input type=\"checkbox\" name=\"acceptance-303\" value=\"1\" aria-invalid=\"false\" \/><\/span><\/span><\/span> J'ai lu et accept\u00e9 les conditions d'utilisation et la <a href=\"https:\/\/www.naturesuiteshotel.com\/fr\/politique-de-confidentialite\/\" style=\"color:#A9C5B7;\">politique de confidentialit\u00e9<\/a>.\n\t<\/p>\n<\/div>\n<div class=\"vc_col-xs-12 boton_enviar_home\">\n\t<div id=\"cf7sr-69dfa531a9187\" class=\"cf7sr-g-recaptcha\" data-theme=\"light\" data-type=\"image\" data-size=\"normal\" data-sitekey=\"6Lc8ydkZAAAAAK_Q6dRmf_dmPf4x8YpmO9cRf_es\"><\/div><span class=\"wpcf7-form-control-wrap cf7sr-recaptcha\" data-name=\"cf7sr-recaptcha\"><input type=\"hidden\" name=\"cf7sr-recaptcha\" value=\"\" class=\"wpcf7-form-control\"><\/span>\n\t<\/p>\n\t<p><input class=\"wpcf7-form-control wpcf7-submit has-spinner\" type=\"submit\" value=\"Envoyer\" \/>\n\t<\/p>\n<\/div><div class=\"wpcf7-response-output\" aria-hidden=\"true\"><\/div>\n<\/form>\n<\/div>\n[\/vc_column][\/vc_row]<\/p>\n","protected":false},"excerpt":{"rendered":"<p>[vc_row css_animation=\u00a0\u00bb\u00a0\u00bb row_type=\u00a0\u00bbrow\u00a0\u00bb use_row_as_full_screen_section=\u00a0\u00bbno\u00a0\u00bb type=\u00a0\u00bbgrid\u00a0\u00bb angled_section=\u00a0\u00bbno\u00a0\u00bb text_align=\u00a0\u00bbleft\u00a0\u00bb background_image_as_pattern=\u00a0\u00bbwithout_pattern\u00a0\u00bb css=\u00a0\u00bb.vc_custom_1562836562290{margin-top: 50px !important;margin-bottom: 50px !important;}\u00a0\u00bb z_index=\u00a0\u00bb\u00a0\u00bb][vc_column][rev_slider_vc alias=\u00a0\u00bbhabitacion\u00a0\u00bb][\/vc_column][\/vc_row][vc_row css_animation=\u00a0\u00bb\u00a0\u00bb row_type=\u00a0\u00bbrow\u00a0\u00bb use_row_as_full_screen_section=\u00a0\u00bbno\u00a0\u00bb type=\u00a0\u00bbgrid\u00a0\u00bb angled_section=\u00a0\u00bbno\u00a0\u00bb text_align=\u00a0\u00bbleft\u00a0\u00bb background_image_as_pattern=\u00a0\u00bbwithout_pattern\u00a0\u00bb z_index=\u00a0\u00bb\u00a0\u00bb css=\u00a0\u00bb.vc_custom_1562154976227{margin-top: 50px !important;margin-bottom: 50px !important;}\u00a0\u00bb][vc_column width=\u00a0\u00bb2\/3&Prime; offset=\u00a0\u00bbvc_col-lg-9 vc_col-md-9&Prime;][vc_column_text css=\u00a0\u00bb.vc_custom_1566469942641{padding-top: 30px !important;padding-bottom: 30px !important;}\u00a0\u00bb]CHAMBRE DOUBLE AVEC BALCON 2 adultes[\/vc_column_text][vc_column_text] Notre chambre double avec&#8230;<\/p>\n","protected":false},"author":6,"featured_media":0,"parent":1727,"menu_order":0,"comment_status":"closed","ping_status":"closed","template":"full_width.php","meta":{"footnotes":""},"yoast_head":"<!-- This site is optimized with the Yoast SEO plugin v23.5 - https:\/\/yoast.com\/wordpress\/plugins\/seo\/ -->\n<title>Chambre double avec balcon - Nature Suites Hotel<\/title>\n<meta name=\"robots\" content=\"index, follow, max-snippet:-1, max-image-preview:large, max-video-preview:-1\" \/>\n<link rel=\"canonical\" href=\"https:\/\/www.naturesuiteshotel.com\/fr\/chambres\/chambre-double-avec-balcon\/\" \/>\n<meta property=\"og:locale\" content=\"fr_FR\" \/>\n<meta property=\"og:type\" content=\"article\" \/>\n<meta property=\"og:title\" content=\"Chambre double avec balcon - Nature Suites Hotel\" \/>\n<meta property=\"og:description\" content=\"[vc_row css_animation=\u00a0\u00bb\u00a0\u00bb row_type=\u00a0\u00bbrow\u00a0\u00bb use_row_as_full_screen_section=\u00a0\u00bbno\u00a0\u00bb type=\u00a0\u00bbgrid\u00a0\u00bb angled_section=\u00a0\u00bbno\u00a0\u00bb text_align=\u00a0\u00bbleft\u00a0\u00bb background_image_as_pattern=\u00a0\u00bbwithout_pattern\u00a0\u00bb css=\u00a0\u00bb.vc_custom_1562836562290{margin-top: 50px !important;margin-bottom: 50px !important;}\u00a0\u00bb z_index=\u00a0\u00bb\u00a0\u00bb][vc_column][rev_slider_vc alias=\u00a0\u00bbhabitacion\u00a0\u00bb][\/vc_column][\/vc_row][vc_row css_animation=\u00a0\u00bb\u00a0\u00bb row_type=\u00a0\u00bbrow\u00a0\u00bb use_row_as_full_screen_section=\u00a0\u00bbno\u00a0\u00bb type=\u00a0\u00bbgrid\u00a0\u00bb angled_section=\u00a0\u00bbno\u00a0\u00bb text_align=\u00a0\u00bbleft\u00a0\u00bb background_image_as_pattern=\u00a0\u00bbwithout_pattern\u00a0\u00bb z_index=\u00a0\u00bb\u00a0\u00bb css=\u00a0\u00bb.vc_custom_1562154976227{margin-top: 50px !important;margin-bottom: 50px !important;}\u00a0\u00bb][vc_column width=\u00a0\u00bb2\/3&Prime; offset=\u00a0\u00bbvc_col-lg-9 vc_col-md-9&Prime;][vc_column_text css=\u00a0\u00bb.vc_custom_1566469942641{padding-top: 30px !important;padding-bottom: 30px !important;}\u00a0\u00bb]CHAMBRE DOUBLE AVEC BALCON 2 adultes[\/vc_column_text][vc_column_text] Notre chambre double avec...\" \/>\n<meta property=\"og:url\" content=\"https:\/\/www.naturesuiteshotel.com\/fr\/chambres\/chambre-double-avec-balcon\/\" \/>\n<meta property=\"og:site_name\" content=\"Nature Suites Hotel\" \/>\n<meta property=\"article:modified_time\" content=\"2026-01-28T14:12:56+00:00\" \/>\n<meta name=\"twitter:card\" content=\"summary_large_image\" \/>\n<meta name=\"twitter:label1\" content=\"Dur\u00e9e de lecture estim\u00e9e\" \/>\n\t<meta name=\"twitter:data1\" content=\"2 minutes\" \/>\n<script type=\"application\/ld+json\" class=\"yoast-schema-graph\">{\"@context\":\"https:\/\/schema.org\",\"@graph\":[{\"@type\":\"WebPage\",\"@id\":\"https:\/\/www.naturesuiteshotel.com\/fr\/chambres\/chambre-double-avec-balcon\/\",\"url\":\"https:\/\/www.naturesuiteshotel.com\/fr\/chambres\/chambre-double-avec-balcon\/\",\"name\":\"Chambre double avec balcon - Nature Suites Hotel\",\"isPartOf\":{\"@id\":\"https:\/\/www.naturesuiteshotel.com\/#website\"},\"datePublished\":\"2019-08-22T10:30:10+00:00\",\"dateModified\":\"2026-01-28T14:12:56+00:00\",\"breadcrumb\":{\"@id\":\"https:\/\/www.naturesuiteshotel.com\/fr\/chambres\/chambre-double-avec-balcon\/#breadcrumb\"},\"inLanguage\":\"fr-FR\",\"potentialAction\":[{\"@type\":\"ReadAction\",\"target\":[\"https:\/\/www.naturesuiteshotel.com\/fr\/chambres\/chambre-double-avec-balcon\/\"]}]},{\"@type\":\"BreadcrumbList\",\"@id\":\"https:\/\/www.naturesuiteshotel.com\/fr\/chambres\/chambre-double-avec-balcon\/#breadcrumb\",\"itemListElement\":[{\"@type\":\"ListItem\",\"position\":1,\"name\":\"Portada\",\"item\":\"https:\/\/www.naturesuiteshotel.com\/fr\/\"},{\"@type\":\"ListItem\",\"position\":2,\"name\":\"Nos chambres\",\"item\":\"https:\/\/www.naturesuiteshotel.com\/fr\/chambres\/\"},{\"@type\":\"ListItem\",\"position\":3,\"name\":\"Chambre double avec balcon\"}]},{\"@type\":\"WebSite\",\"@id\":\"https:\/\/www.naturesuiteshotel.com\/#website\",\"url\":\"https:\/\/www.naturesuiteshotel.com\/\",\"name\":\"Nature Suites Hotel\",\"description\":\"Hotel sostenible a los pies del Puig Campana\",\"potentialAction\":[{\"@type\":\"SearchAction\",\"target\":{\"@type\":\"EntryPoint\",\"urlTemplate\":\"https:\/\/www.naturesuiteshotel.com\/?s={search_term_string}\"},\"query-input\":{\"@type\":\"PropertyValueSpecification\",\"valueRequired\":true,\"valueName\":\"search_term_string\"}}],\"inLanguage\":\"fr-FR\"}]}<\/script>\n<!-- \/ Yoast SEO plugin. -->","yoast_head_json":{"title":"Chambre double avec balcon - Nature Suites Hotel","robots":{"index":"index","follow":"follow","max-snippet":"max-snippet:-1","max-image-preview":"max-image-preview:large","max-video-preview":"max-video-preview:-1"},"canonical":"https:\/\/www.naturesuiteshotel.com\/fr\/chambres\/chambre-double-avec-balcon\/","og_locale":"fr_FR","og_type":"article","og_title":"Chambre double avec balcon - Nature Suites Hotel","og_description":"[vc_row css_animation=\u00a0\u00bb\u00a0\u00bb row_type=\u00a0\u00bbrow\u00a0\u00bb use_row_as_full_screen_section=\u00a0\u00bbno\u00a0\u00bb type=\u00a0\u00bbgrid\u00a0\u00bb angled_section=\u00a0\u00bbno\u00a0\u00bb text_align=\u00a0\u00bbleft\u00a0\u00bb background_image_as_pattern=\u00a0\u00bbwithout_pattern\u00a0\u00bb css=\u00a0\u00bb.vc_custom_1562836562290{margin-top: 50px !important;margin-bottom: 50px !important;}\u00a0\u00bb z_index=\u00a0\u00bb\u00a0\u00bb][vc_column][rev_slider_vc alias=\u00a0\u00bbhabitacion\u00a0\u00bb][\/vc_column][\/vc_row][vc_row css_animation=\u00a0\u00bb\u00a0\u00bb row_type=\u00a0\u00bbrow\u00a0\u00bb use_row_as_full_screen_section=\u00a0\u00bbno\u00a0\u00bb type=\u00a0\u00bbgrid\u00a0\u00bb angled_section=\u00a0\u00bbno\u00a0\u00bb text_align=\u00a0\u00bbleft\u00a0\u00bb background_image_as_pattern=\u00a0\u00bbwithout_pattern\u00a0\u00bb z_index=\u00a0\u00bb\u00a0\u00bb css=\u00a0\u00bb.vc_custom_1562154976227{margin-top: 50px !important;margin-bottom: 50px !important;}\u00a0\u00bb][vc_column width=\u00a0\u00bb2\/3&Prime; offset=\u00a0\u00bbvc_col-lg-9 vc_col-md-9&Prime;][vc_column_text css=\u00a0\u00bb.vc_custom_1566469942641{padding-top: 30px !important;padding-bottom: 30px !important;}\u00a0\u00bb]CHAMBRE DOUBLE AVEC BALCON 2 adultes[\/vc_column_text][vc_column_text] Notre chambre double avec...","og_url":"https:\/\/www.naturesuiteshotel.com\/fr\/chambres\/chambre-double-avec-balcon\/","og_site_name":"Nature Suites Hotel","article_modified_time":"2026-01-28T14:12:56+00:00","twitter_card":"summary_large_image","twitter_misc":{"Dur\u00e9e de lecture estim\u00e9e":"2 minutes"},"schema":{"@context":"https:\/\/schema.org","@graph":[{"@type":"WebPage","@id":"https:\/\/www.naturesuiteshotel.com\/fr\/chambres\/chambre-double-avec-balcon\/","url":"https:\/\/www.naturesuiteshotel.com\/fr\/chambres\/chambre-double-avec-balcon\/","name":"Chambre double avec balcon - Nature Suites Hotel","isPartOf":{"@id":"https:\/\/www.naturesuiteshotel.com\/#website"},"datePublished":"2019-08-22T10:30:10+00:00","dateModified":"2026-01-28T14:12:56+00:00","breadcrumb":{"@id":"https:\/\/www.naturesuiteshotel.com\/fr\/chambres\/chambre-double-avec-balcon\/#breadcrumb"},"inLanguage":"fr-FR","potentialAction":[{"@type":"ReadAction","target":["https:\/\/www.naturesuiteshotel.com\/fr\/chambres\/chambre-double-avec-balcon\/"]}]},{"@type":"BreadcrumbList","@id":"https:\/\/www.naturesuiteshotel.com\/fr\/chambres\/chambre-double-avec-balcon\/#breadcrumb","itemListElement":[{"@type":"ListItem","position":1,"name":"Portada","item":"https:\/\/www.naturesuiteshotel.com\/fr\/"},{"@type":"ListItem","position":2,"name":"Nos chambres","item":"https:\/\/www.naturesuiteshotel.com\/fr\/chambres\/"},{"@type":"ListItem","position":3,"name":"Chambre double avec balcon"}]},{"@type":"WebSite","@id":"https:\/\/www.naturesuiteshotel.com\/#website","url":"https:\/\/www.naturesuiteshotel.com\/","name":"Nature Suites Hotel","description":"Hotel sostenible a los pies del Puig Campana","potentialAction":[{"@type":"SearchAction","target":{"@type":"EntryPoint","urlTemplate":"https:\/\/www.naturesuiteshotel.com\/?s={search_term_string}"},"query-input":{"@type":"PropertyValueSpecification","valueRequired":true,"valueName":"search_term_string"}}],"inLanguage":"fr-FR"}]}},"_links":{"self":[{"href":"https:\/\/www.naturesuiteshotel.com\/fr\/wp-json\/wp\/v2\/pages\/1714"}],"collection":[{"href":"https:\/\/www.naturesuiteshotel.com\/fr\/wp-json\/wp\/v2\/pages"}],"about":[{"href":"https:\/\/www.naturesuiteshotel.com\/fr\/wp-json\/wp\/v2\/types\/page"}],"author":[{"embeddable":true,"href":"https:\/\/www.naturesuiteshotel.com\/fr\/wp-json\/wp\/v2\/users\/6"}],"replies":[{"embeddable":true,"href":"https:\/\/www.naturesuiteshotel.com\/fr\/wp-json\/wp\/v2\/comments?post=1714"}],"version-history":[{"count":18,"href":"https:\/\/www.naturesuiteshotel.com\/fr\/wp-json\/wp\/v2\/pages\/1714\/revisions"}],"predecessor-version":[{"id":6543,"href":"https:\/\/www.naturesuiteshotel.com\/fr\/wp-json\/wp\/v2\/pages\/1714\/revisions\/6543"}],"up":[{"embeddable":true,"href":"https:\/\/www.naturesuiteshotel.com\/fr\/wp-json\/wp\/v2\/pages\/1727"}],"wp:attachment":[{"href":"https:\/\/www.naturesuiteshotel.com\/fr\/wp-json\/wp\/v2\/media?parent=1714"}],"curies":[{"name":"wp","href":"https:\/\/api.w.org\/{rel}","templated":true}]}}