{"id":5711,"date":"2024-03-12T12:52:51","date_gmt":"2024-03-12T11:52:51","guid":{"rendered":"https:\/\/www.naturesuiteshotel.com\/centre-vtt\/"},"modified":"2024-07-25T12:04:54","modified_gmt":"2024-07-25T10:04:54","slug":"centre-vtt","status":"publish","type":"page","link":"https:\/\/www.naturesuiteshotel.com\/fr\/centre-vtt\/","title":{"rendered":"Centre VTT"},"content":{"rendered":"<p>[vc_row css_animation=\u00a0\u00bb\u00a0\u00bb row_type=\u00a0\u00bbrow\u00a0\u00bb use_row_as_full_screen_section=\u00a0\u00bbno\u00a0\u00bb type=\u00a0\u00bbgrid\u00a0\u00bb angled_section=\u00a0\u00bbno\u00a0\u00bb text_align=\u00a0\u00bbcenter\u00a0\u00bb background_image_as_pattern=\u00a0\u00bbwithout_pattern\u00a0\u00bb z_index=\u00a0\u00bb\u00a0\u00bb css=\u00a0\u00bb.vc_custom_1709634890973{margin-bottom: 50px !important;background-color: #f1ede9 !important;}\u00a0\u00bb][vc_column][vc_empty_space height=\u00a0\u00bb120px\u00a0\u00bb][vc_column_text]<\/p>\n<p style=\"text-align: center; font-size: 40px; color: #f1ac93;\"><strong>Suites, paysages, et Centre VTT<\/strong><\/p>\n<p>[\/vc_column_text][vc_empty_space height=\u00a0\u00bb80px\u00a0\u00bb][vc_column_text]<\/p>\n<p style=\"text-align: center;\">Un h\u00e9bergement unique \u00e0 Finestrat pour vous et votre v\u00e9lo.<\/p>\n<p>[\/vc_column_text][vc_empty_space][vc_column_text]<\/p>\n<p class=\"p2\" style=\"text-align: center;\">D\u00e9couvrez le paysage du Puig Campana et un Centre VTT complet pour des vacances actives entour\u00e9es de beaut\u00e9. Pr\u00e9parez une escapade \u00e0 v\u00e9lo sur des itin\u00e9raires de VTT exceptionnels !<\/p>\n<p>[\/vc_column_text][vc_empty_space height=\u00a0\u00bb70px\u00a0\u00bb][\/vc_column][\/vc_row][vc_row css_animation=\u00a0\u00bb\u00a0\u00bb row_type=\u00a0\u00bbrow\u00a0\u00bb use_row_as_full_screen_section=\u00a0\u00bbno\u00a0\u00bb type=\u00a0\u00bbfull_width\u00a0\u00bb angled_section=\u00a0\u00bbno\u00a0\u00bb text_align=\u00a0\u00bbcenter\u00a0\u00bb background_image_as_pattern=\u00a0\u00bbwithout_pattern\u00a0\u00bb css=\u00a0\u00bb.vc_custom_1709727312376{padding-top: 50px !important;background-color: #ffffff !important;}\u00a0\u00bb z_index=\u00a0\u00bb0&Prime;][vc_column width=\u00a0\u00bb1\/4&Prime; offset=\u00a0\u00bbvc_hidden-sm vc_hidden-xs\u00a0\u00bb][\/vc_column][vc_column offset=\u00a0\u00bbvc_col-md-9&Prime;][vc_single_image image=\u00a0\u00bb5595&Prime; img_size=\u00a0\u00bblarge\u00a0\u00bb alignment=\u00a0\u00bbright\u00a0\u00bb qode_css_animation=\u00a0\u00bb\u00a0\u00bb][vc_empty_space height=\u00a0\u00bb75px\u00a0\u00bb][\/vc_column][vc_column css=\u00a0\u00bb.vc_custom_1709642829487{padding-top: 20px !important;padding-right: 30px !important;padding-bottom: 10px !important;padding-left: 30px !important;background-color: #ffffff !important;}\u00a0\u00bb offset=\u00a0\u00bbvc_col-lg-4 vc_col-md-5&Prime; el_class=\u00a0\u00bbsuite_izda\u00a0\u00bb][vc_empty_space height=\u00a0\u00bb25px\u00a0\u00bb][vc_column_text]<\/p>\n<p style=\"text-align: center; font-size: 30px; color: #00706e;\"><strong>Votre centre VTT \u00e0 Finestrat, Alicante<\/strong><\/p>\n<p>[\/vc_column_text][vc_empty_space height=\u00a0\u00bb10px\u00a0\u00bb][vc_column_text]<\/p>\n<p style=\"text-align: center;\">Notre espace atelier est \u00e9quip\u00e9 des outils n\u00e9cessaires pour entretenir votre v\u00e9lo, ainsi que d&rsquo;une zone de lavage et d&rsquo;un garde-v\u00e9los pouvant accueillir jusqu&rsquo;\u00e0 10 v\u00e9los.<\/p>\n<p>[\/vc_column_text][vc_empty_space height=\u00a0\u00bb30px\u00a0\u00bb][vc_column_text]<\/p>\n<p style=\"text-align: center;\"><strong>CALENDRIER<\/strong><\/p>\n<p style=\"text-align: center;\">Hiver (novembre \u2013 mars)<br \/>\nTous les jours de 9h00 \u00e0 18h00<\/p>\n<p>&nbsp;<\/p>\n<p style=\"text-align: center;\">\u00c9t\u00e9 (avril \u2013 octobre)<br \/>\nTous les jours de 8h00 \u00e0 20h00<\/p>\n<p>[\/vc_column_text][vc_empty_space height=\u00a0\u00bb30px\u00a0\u00bb][\/vc_column][\/vc_row][vc_row css_animation=\u00a0\u00bb\u00a0\u00bb row_type=\u00a0\u00bbrow\u00a0\u00bb use_row_as_full_screen_section=\u00a0\u00bbno\u00a0\u00bb type=\u00a0\u00bbgrid\u00a0\u00bb angled_section=\u00a0\u00bbno\u00a0\u00bb text_align=\u00a0\u00bbleft\u00a0\u00bb background_image_as_pattern=\u00a0\u00bbwithout_pattern\u00a0\u00bb z_index=\u00a0\u00bb\u00a0\u00bb css=\u00a0\u00bb.vc_custom_1709727321435{background-color: #f1ede9 !important;}\u00a0\u00bb][vc_column width=\u00a0\u00bb1\/2&Prime; offset=\u00a0\u00bbvc_col-md-6&Prime;][vc_empty_space height=\u00a0\u00bb50px\u00a0\u00bb][vc_single_image image=\u00a0\u00bb5582&Prime; img_size=\u00a0\u00bbfull\u00a0\u00bb alignment=\u00a0\u00bbcenter\u00a0\u00bb qode_css_animation=\u00a0\u00bb\u00a0\u00bb][vc_empty_space height=\u00a0\u00bb50px\u00a0\u00bb][\/vc_column][vc_column width=\u00a0\u00bb1\/2&Prime;][vc_empty_space height=\u00a0\u00bb50px\u00a0\u00bb][vc_column_text el_class=\u00a0\u00bblista_check\u00a0\u00bb]<\/p>\n<p style=\"text-align: center; font-size: 30px; color: #00706e;\"><strong>Services compl\u00e9mentaires VTT<\/strong><\/p>\n<p>[\/vc_column_text][vc_empty_space][vc_column_text el_class=\u00a0\u00bblista_check\u00a0\u00bb]<\/p>\n<p style=\"text-align: center;\">Le Puig Campana et <span style=\"color: #f1ac93;\">Nature Suites Hotel &amp; VTT<\/span> sont la combinaison parfaite pour votre escapade \u00e0 la recherche de parcours de VTT sur la Costa Blanca.<\/p>\n<p>&nbsp;<\/p>\n<p style=\"text-align: center;\">Pour rendre votre s\u00e9jour aussi confortable que possible, nous proposons des services suppl\u00e9mentaires : transfert de v\u00e9los (sur demande), conseils sur les itin\u00e9raires, ainsi que des encas et des boissons.<\/p>\n<p>&nbsp;<\/p>\n<p style=\"text-align: center;\">De plus, vous pourrez louer des v\u00e9los et b\u00e9n\u00e9ficier de guides de randonn\u00e9e si vous d\u00e9cidez de consacrer un peu de votre temps \u00e0 explorer les montagnes.<\/p>\n<p>[\/vc_column_text][vc_empty_space height=\u00a0\u00bb50px\u00a0\u00bb][\/vc_column][\/vc_row][vc_row css_animation=\u00a0\u00bb\u00a0\u00bb row_type=\u00a0\u00bbrow\u00a0\u00bb use_row_as_full_screen_section=\u00a0\u00bbno\u00a0\u00bb type=\u00a0\u00bbgrid\u00a0\u00bb angled_section=\u00a0\u00bbno\u00a0\u00bb text_align=\u00a0\u00bbleft\u00a0\u00bb background_image_as_pattern=\u00a0\u00bbwithout_pattern\u00a0\u00bb z_index=\u00a0\u00bb\u00a0\u00bb css=\u00a0\u00bb.vc_custom_1709727330300{background-color: #f1ede9 !important;}\u00a0\u00bb][vc_column width=\u00a0\u00bb1\/2&Prime; offset=\u00a0\u00bbvc_col-md-6&Prime;][vc_empty_space height=\u00a0\u00bb50px\u00a0\u00bb][vc_column_text el_class=\u00a0\u00bblista_check\u00a0\u00bb]<\/p>\n<p style=\"text-align: center; font-size: 30px; color: #00706e;\"><strong>Le plaisir de se d\u00e9tendre \u00e0 Nature Suites<\/strong><\/p>\n<p>[\/vc_column_text][vc_empty_space][vc_column_text el_class=\u00a0\u00bblista_check\u00a0\u00bb]<\/p>\n<p class=\"p1\" style=\"text-align: center;\">Apr\u00e8s une journ\u00e9e sur les sentiers, nous vous rendons l&rsquo;\u00e9quilibre dans des espaces o\u00f9 le design invite \u00e0 la d\u00e9connexion.<\/p>\n<p>&nbsp;<\/p>\n<p style=\"text-align: center;\">D\u00e9couvrez la v\u00e9ritable sensation de repos dans nos suites avec terrasse et chambres. Offrez-vous des moments uniques dans notre piscine et notre lounge bar.<\/p>\n<p>[\/vc_column_text][vc_empty_space height=\u00a0\u00bb100px\u00a0\u00bb][\/vc_column][vc_column width=\u00a0\u00bb1\/2&Prime;][vc_single_image image=\u00a0\u00bb5585&Prime; img_size=\u00a0\u00bbfull\u00a0\u00bb alignment=\u00a0\u00bbcenter\u00a0\u00bb qode_css_animation=\u00a0\u00bb\u00a0\u00bb][vc_empty_space height=\u00a0\u00bb100px\u00a0\u00bb][\/vc_column][\/vc_row][vc_row css_animation=\u00a0\u00bb\u00a0\u00bb row_type=\u00a0\u00bbrow\u00a0\u00bb use_row_as_full_screen_section=\u00a0\u00bbno\u00a0\u00bb type=\u00a0\u00bbgrid\u00a0\u00bb angled_section=\u00a0\u00bbno\u00a0\u00bb text_align=\u00a0\u00bbleft\u00a0\u00bb background_image_as_pattern=\u00a0\u00bbwithout_pattern\u00a0\u00bb el_id=\u00a0\u00bbnews\u00a0\u00bb css=\u00a0\u00bb.vc_custom_1563892451359{margin-top: 0px !important;margin-bottom: 0px !important;padding-top: 0px !important;padding-bottom: 0px !important;}\u00a0\u00bb z_index=\u00a0\u00bb\u00a0\u00bb][vc_column width=\u00a0\u00bb1\/2&Prime;][vc_empty_space height=\u00a0\u00bb100px\u00a0\u00bb][vc_column_text]<\/p>\n<h2 style=\"text-align: center;\">As-tu un doute?<\/h2>\n<p>[\/vc_column_text]\n<div class=\"wpcf7 no-js\" id=\"wpcf7-f1831-o1\" lang=\"es-ES\" dir=\"ltr\">\n<div class=\"screen-reader-response\"><p role=\"status\" aria-live=\"polite\" aria-atomic=\"true\"><\/p> <ul><\/ul><\/div>\n<form action=\"\/fr\/wp-json\/wp\/v2\/pages\/5711#wpcf7-f1831-o1\" method=\"post\" class=\"wpcf7-form init cf7_custom_style_1\" aria-label=\"Formulario de contacto\" novalidate=\"novalidate\" data-status=\"init\">\n<div style=\"display: none;\">\n<input type=\"hidden\" name=\"_wpcf7\" value=\"1831\" \/>\n<input type=\"hidden\" name=\"_wpcf7_version\" value=\"5.9.8\" \/>\n<input type=\"hidden\" name=\"_wpcf7_locale\" value=\"es_ES\" \/>\n<input type=\"hidden\" name=\"_wpcf7_unit_tag\" value=\"wpcf7-f1831-o1\" \/>\n<input type=\"hidden\" name=\"_wpcf7_container_post\" value=\"0\" \/>\n<input type=\"hidden\" name=\"_wpcf7_posted_data_hash\" value=\"\" \/>\n<input type=\"hidden\" name=\"_wpcf7_recaptcha_response\" value=\"\" \/>\n<\/div>\n<div class=\"vc_col-xs-12 vc_col-sm-6\">\n\t<p><label><span class=\"wpcf7-form-control-wrap\" data-name=\"your-name\"><input size=\"40\" maxlength=\"400\" class=\"wpcf7-form-control wpcf7-text wpcf7-validates-as-required\" aria-required=\"true\" aria-invalid=\"false\" placeholder=\"Nom\" value=\"\" type=\"text\" name=\"your-name\" \/><\/span><\/label>\n\t<\/p>\n<\/div>\n<div class=\"vc_col-xs-12 vc_col-sm-6\">\n\t<p><label><span class=\"wpcf7-form-control-wrap\" data-name=\"your-email\"><input size=\"40\" maxlength=\"400\" class=\"wpcf7-form-control wpcf7-email wpcf7-validates-as-required wpcf7-text wpcf7-validates-as-email\" aria-required=\"true\" aria-invalid=\"false\" placeholder=\"Email\" value=\"\" type=\"email\" name=\"your-email\" \/><\/span><\/label>\n\t<\/p>\n<\/div>\n<div class=\"vc_col-xs-12\">\n\t<p><label><span class=\"wpcf7-form-control-wrap\" data-name=\"destinatario\"><select class=\"wpcf7-form-control wpcf7-select wpcf7-validates-as-required\" aria-required=\"true\" aria-invalid=\"false\" name=\"destinatario\"><option value=\"Type de requ\u00eate\">Type de requ\u00eate<\/option><option value=\"Particulier\">Particulier<\/option><option value=\"Groupes\">Groupes<\/option><\/select><\/span><\/label>\n\t<\/p>\n<\/div>\n<div class=\"vc_col-xs-12\">\n\t<p><label><span class=\"wpcf7-form-control-wrap\" data-name=\"your-message\"><textarea cols=\"40\" rows=\"10\" maxlength=\"2000\" class=\"wpcf7-form-control wpcf7-textarea\" aria-invalid=\"false\" placeholder=\"Message\" name=\"your-message\"><\/textarea><\/span><\/label>\n\t<\/p>\n<\/div>\n<div class=\"vc_col-xs-12 checks_form_home\">\n\t<p><span class=\"wpcf7-form-control-wrap\" data-name=\"acceptance-303\"><span class=\"wpcf7-form-control wpcf7-acceptance\"><span class=\"wpcf7-list-item\"><input type=\"checkbox\" name=\"acceptance-303\" value=\"1\" aria-invalid=\"false\" \/><\/span><\/span><\/span> J'ai lu et accept\u00e9 les conditions d'utilisation et la <a href=\"https:\/\/www.naturesuiteshotel.com\/fr\/politique-de-confidentialite\/\" style=\"color:#A9C5B7;\">politique de confidentialit\u00e9<\/a>.\n\t<\/p>\n<\/div>\n<div class=\"vc_col-xs-12 boton_enviar_home\">\n\t<div id=\"cf7sr-69ebe1e70834a\" class=\"cf7sr-g-recaptcha\" data-theme=\"light\" data-type=\"image\" data-size=\"normal\" data-sitekey=\"6Lc8ydkZAAAAAK_Q6dRmf_dmPf4x8YpmO9cRf_es\"><\/div><span class=\"wpcf7-form-control-wrap cf7sr-recaptcha\" data-name=\"cf7sr-recaptcha\"><input type=\"hidden\" name=\"cf7sr-recaptcha\" value=\"\" class=\"wpcf7-form-control\"><\/span>\n\t<\/p>\n\t<p><input class=\"wpcf7-form-control wpcf7-submit has-spinner\" type=\"submit\" value=\"Envoyer\" \/>\n\t<\/p>\n<\/div><div class=\"wpcf7-response-output\" aria-hidden=\"true\"><\/div>\n<\/form>\n<\/div>\n[\/vc_column][vc_column width=\u00a0\u00bb1\/2&Prime;][vc_single_image image=\u00a0\u00bb5400&Prime; img_size=\u00a0\u00bbfull\u00a0\u00bb qode_css_animation=\u00a0\u00bb\u00a0\u00bb][\/vc_column][\/vc_row][vc_row css_animation=\u00a0\u00bb\u00a0\u00bb row_type=\u00a0\u00bbrow\u00a0\u00bb use_row_as_full_screen_section=\u00a0\u00bbno\u00a0\u00bb type=\u00a0\u00bbfull_width\u00a0\u00bb angled_section=\u00a0\u00bbno\u00a0\u00bb text_align=\u00a0\u00bbleft\u00a0\u00bb background_image_as_pattern=\u00a0\u00bbwithout_pattern\u00a0\u00bb][vc_column][vc_gmaps link=\u00a0\u00bb#E-8_JTNDaWZyYW1lJTIwc3JjJTNEJTIyaHR0cHMlM0ElMkYlMkZ3d3cuZ29vZ2xlLmNvbSUyRm1hcHMlMkZlbWJlZCUzRnBiJTNEJTIxMW0xOCUyMTFtMTIlMjExbTMlMjExZDYyMzguNzM3MTM2MTUzNDU1JTIxMmQtMC4yMTIxMTg3NzE2MzQyNTc4MiUyMTNkMzguNTcxMzU5NTY4MzQ3MDU2JTIxMm0zJTIxMWYwJTIxMmYwJTIxM2YwJTIxM20yJTIxMWkxMDI0JTIxMmk3NjglMjE0ZjEzLjElMjEzbTMlMjExbTIlMjExczB4ZDYyMWQzZTlkY2FkMTA5JTI1M0EweDg4OWZjOWM5ZTEyMGU1YmQlMjEyc05hdHVyZSUyQlN1aXRlcyUyQlB1aWclMkJDYW1wYW5hJTJCSG90ZWwlMjE1ZTAlMjEzbTIlMjExc2VzJTIxMnNlcyUyMTR2MTU2MDk2NjA1Njc5MyUyMTVtMiUyMTFzZXMlMjEyc2VzJTIyJTIwd2lkdGglM0QlMjIxMDAlMjUlMjIlMjBoZWlnaHQlM0QlMjIzNTAlMjIlMjBmcmFtZWJvcmRlciUzRCUyMjAlMjIlMjBzdHlsZSUzRCUyMmJvcmRlciUzQTAlMjIlMjBhbGxvd2Z1bGxzY3JlZW4lM0UlM0MlMkZpZnJhbWUlM0U=\u00a0\u00bb][\/vc_column][\/vc_row][vc_row css_animation=\u00a0\u00bb\u00a0\u00bb row_type=\u00a0\u00bbrow\u00a0\u00bb use_row_as_full_screen_section=\u00a0\u00bbno\u00a0\u00bb type=\u00a0\u00bbgrid\u00a0\u00bb angled_section=\u00a0\u00bbno\u00a0\u00bb text_align=\u00a0\u00bbleft\u00a0\u00bb background_image_as_pattern=\u00a0\u00bbwithout_pattern\u00a0\u00bb el_class=\u00a0\u00bboculta_pc oculta_tablet\u00a0\u00bb z_index=\u00a0\u00bb\u00a0\u00bb css=\u00a0\u00bb.vc_custom_1709639863091{background-color: #f1ede9 !important;}\u00a0\u00bb][vc_column width=\u00a0\u00bb2\/3&Prime;][vc_empty_space height=\u00a0\u00bb100px\u00a0\u00bb][vc_column_text]<\/p>\n<blockquote class=\"\">\n<div class=\"\">\n<div class=\"WordSection1\">\n<div class=\"\">L&rsquo;H\u00f4tel Nature Suites a \u00e9t\u00e9 b\u00e9n\u00e9ficiaire du Fonds Europ\u00e9en de D\u00e9veloppement R\u00e9gional dont l&rsquo;objectif est d&rsquo;am\u00e9liorer l&rsquo;utilisation et la qualit\u00e9 des technologies de l&rsquo;information et de la communication et l&rsquo;acc\u00e8s \u00e0 celles-ci et gr\u00e2ce auquel il a d\u00e9velopp\u00e9 une application de gestion du temps pour am\u00e9liorer la comp\u00e9titivit\u00e9 et la productivit\u00e9 du entreprise. D\u00e9cembre 2019. Pour cela, elle a b\u00e9n\u00e9fici\u00e9 du soutien du Programme de Comp\u00e9titivit\u00e9 Touristique 2018 de la Chambre de Commerce d&rsquo;Alicante.<br \/>\n\u00ab Une mani\u00e8re de faire l\u2019Europe \u00bb<\/div>\n<\/div>\n<\/div>\n<\/blockquote>\n<p>[\/vc_column_text][vc_empty_space height=\u00a0\u00bb100px\u00a0\u00bb][\/vc_column][vc_column width=\u00a0\u00bb1\/3&Prime;][vc_empty_space height=\u00a0\u00bb70px\u00a0\u00bb][vc_single_image image=\u00a0\u00bb2531&Prime; img_size=\u00a0\u00bbmedium\u00a0\u00bb qode_css_animation=\u00a0\u00bb\u00a0\u00bb][vc_empty_space height=\u00a0\u00bb70px\u00a0\u00bb][\/vc_column][\/vc_row][vc_row css_animation=\u00a0\u00bb\u00a0\u00bb row_type=\u00a0\u00bbrow\u00a0\u00bb use_row_as_full_screen_section=\u00a0\u00bbno\u00a0\u00bb type=\u00a0\u00bbgrid\u00a0\u00bb angled_section=\u00a0\u00bbno\u00a0\u00bb text_align=\u00a0\u00bbleft\u00a0\u00bb background_image_as_pattern=\u00a0\u00bbwithout_pattern\u00a0\u00bb el_class=\u00a0\u00bboculta_movil\u00a0\u00bb z_index=\u00a0\u00bb\u00a0\u00bb css=\u00a0\u00bb.vc_custom_1709640202982{background-color: #f1ede9 !important;}\u00a0\u00bb][vc_column][vc_empty_space height=\u00a0\u00bb15px\u00a0\u00bb][vc_column_text]<\/p>\n<div style=\"font-size: 12px; margin-left: -25px; margin-right: -25px;\">L&rsquo;H\u00f4tel Nature Suites a \u00e9t\u00e9 b\u00e9n\u00e9ficiaire du Fonds Europ\u00e9en de D\u00e9veloppement R\u00e9gional dont l&rsquo;objectif est d&rsquo;am\u00e9liorer l&rsquo;utilisation et la qualit\u00e9 des technologies de l&rsquo;information et de la communication et l&rsquo;acc\u00e8s \u00e0 celles-ci et gr\u00e2ce auquel il a d\u00e9velopp\u00e9 une application de gestion du temps pour am\u00e9liorer la comp\u00e9titivit\u00e9 et la productivit\u00e9 du entreprise. D\u00e9cembre 2019. Pour cela, elle a b\u00e9n\u00e9fici\u00e9 du soutien du Programme de Comp\u00e9titivit\u00e9 Touristique 2018 de la Chambre de Commerce d&rsquo;Alicante. \u00ab\u00a0Une fa\u00e7on de faire l&rsquo;Europe\u00a0\u00bb<\/div>\n<p>[\/vc_column_text][vc_empty_space height=\u00a0\u00bb15px\u00a0\u00bb][vc_single_image image=\u00a0\u00bb2531&Prime; img_size=\u00a0\u00bb150&#215;120&Prime; alignment=\u00a0\u00bbcenter\u00a0\u00bb qode_css_animation=\u00a0\u00bb\u00a0\u00bb][vc_empty_space height=\u00a0\u00bb15px\u00a0\u00bb][\/vc_column][\/vc_row][vc_row css_animation=\u00a0\u00bb\u00a0\u00bb row_type=\u00a0\u00bbrow\u00a0\u00bb use_row_as_full_screen_section=\u00a0\u00bbno\u00a0\u00bb type=\u00a0\u00bbfull_width\u00a0\u00bb angled_section=\u00a0\u00bbno\u00a0\u00bb text_align=\u00a0\u00bbleft\u00a0\u00bb background_image_as_pattern=\u00a0\u00bbwithout_pattern\u00a0\u00bb][vc_column][vc_column_text]<\/p>\n<p>[\/vc_column_text][vc_row_inner row_type=\u00a0\u00bbrow\u00a0\u00bb type=\u00a0\u00bbfull_width\u00a0\u00bb text_align=\u00a0\u00bbcenter\u00a0\u00bb css_animation=\u00a0\u00bb\u00a0\u00bb css=\u00a0\u00bb.vc_custom_1560959786827{padding-top: 30px !important;}\u00a0\u00bb][vc_column_inner]<a  itemprop=\"url\" href=\"#\" target=\"_self\"  class=\"qbutton  default boton_leer_mas\" style=\"\">Leer m\u00e1s<\/a>[\/vc_column_inner][\/vc_row_inner][\/vc_column][\/vc_row][vc_column width=\u00a0\u00bb1\/2&Prime; offset=\u00a0\u00bbvc_col-md-6&Prime;][\/vc_column]<\/p>\n","protected":false},"excerpt":{"rendered":"<p>[vc_row css_animation=\u00a0\u00bb\u00a0\u00bb row_type=\u00a0\u00bbrow\u00a0\u00bb use_row_as_full_screen_section=\u00a0\u00bbno\u00a0\u00bb type=\u00a0\u00bbgrid\u00a0\u00bb angled_section=\u00a0\u00bbno\u00a0\u00bb text_align=\u00a0\u00bbcenter\u00a0\u00bb background_image_as_pattern=\u00a0\u00bbwithout_pattern\u00a0\u00bb z_index=\u00a0\u00bb\u00a0\u00bb css=\u00a0\u00bb.vc_custom_1709634890973{margin-bottom: 50px !important;background-color: #f1ede9 !important;}\u00a0\u00bb][vc_column][vc_empty_space height=\u00a0\u00bb120px\u00a0\u00bb][vc_column_text] Suites, paysages, et Centre VTT [\/vc_column_text][vc_empty_space height=\u00a0\u00bb80px\u00a0\u00bb][vc_column_text] Un h\u00e9bergement unique \u00e0 Finestrat pour vous et votre v\u00e9lo. [\/vc_column_text][vc_empty_space][vc_column_text] D\u00e9couvrez le paysage du Puig Campana et un Centre VTT complet pour&#8230;<\/p>\n","protected":false},"author":12,"featured_media":0,"parent":0,"menu_order":0,"comment_status":"closed","ping_status":"closed","template":"full_width.php","meta":{"footnotes":""},"yoast_head":"<!-- This site is optimized with the Yoast SEO plugin v23.5 - https:\/\/yoast.com\/wordpress\/plugins\/seo\/ -->\n<title>Votre Centre VTT au pied du Puig Campana<\/title>\n<meta name=\"description\" content=\"Profitez de votre escapade \u00e0 la recherche de parcours pour votre VTT. Nous disposons d&#039;un atelier \u00e9quip\u00e9, d&#039;une zone de lavage et d&#039;un garde-v\u00e9los\" \/>\n<meta name=\"robots\" content=\"index, follow, max-snippet:-1, max-image-preview:large, max-video-preview:-1\" \/>\n<link rel=\"canonical\" href=\"https:\/\/www.naturesuiteshotel.com\/fr\/centre-vtt\/\" \/>\n<meta property=\"og:locale\" content=\"fr_FR\" \/>\n<meta property=\"og:type\" content=\"article\" \/>\n<meta property=\"og:title\" content=\"Votre Centre VTT au pied du Puig Campana\" \/>\n<meta property=\"og:description\" content=\"Profitez de votre escapade \u00e0 la recherche de parcours pour votre VTT. Nous disposons d&#039;un atelier \u00e9quip\u00e9, d&#039;une zone de lavage et d&#039;un garde-v\u00e9los\" \/>\n<meta property=\"og:url\" content=\"https:\/\/www.naturesuiteshotel.com\/fr\/centre-vtt\/\" \/>\n<meta property=\"og:site_name\" content=\"Nature Suites Hotel\" \/>\n<meta property=\"article:modified_time\" content=\"2024-07-25T10:04:54+00:00\" \/>\n<meta name=\"twitter:card\" content=\"summary_large_image\" \/>\n<meta name=\"twitter:label1\" content=\"Dur\u00e9e de lecture estim\u00e9e\" \/>\n\t<meta name=\"twitter:data1\" content=\"3 minutes\" \/>\n<script type=\"application\/ld+json\" class=\"yoast-schema-graph\">{\"@context\":\"https:\/\/schema.org\",\"@graph\":[{\"@type\":\"WebPage\",\"@id\":\"https:\/\/www.naturesuiteshotel.com\/fr\/centre-vtt\/\",\"url\":\"https:\/\/www.naturesuiteshotel.com\/fr\/centre-vtt\/\",\"name\":\"Votre Centre VTT au pied du Puig Campana\",\"isPartOf\":{\"@id\":\"https:\/\/www.naturesuiteshotel.com\/#website\"},\"datePublished\":\"2024-03-12T11:52:51+00:00\",\"dateModified\":\"2024-07-25T10:04:54+00:00\",\"description\":\"Profitez de votre escapade \u00e0 la recherche de parcours pour votre VTT. Nous disposons d'un atelier \u00e9quip\u00e9, d'une zone de lavage et d'un garde-v\u00e9los\",\"breadcrumb\":{\"@id\":\"https:\/\/www.naturesuiteshotel.com\/fr\/centre-vtt\/#breadcrumb\"},\"inLanguage\":\"fr-FR\",\"potentialAction\":[{\"@type\":\"ReadAction\",\"target\":[\"https:\/\/www.naturesuiteshotel.com\/fr\/centre-vtt\/\"]}]},{\"@type\":\"BreadcrumbList\",\"@id\":\"https:\/\/www.naturesuiteshotel.com\/fr\/centre-vtt\/#breadcrumb\",\"itemListElement\":[{\"@type\":\"ListItem\",\"position\":1,\"name\":\"Portada\",\"item\":\"https:\/\/www.naturesuiteshotel.com\/fr\/\"},{\"@type\":\"ListItem\",\"position\":2,\"name\":\"Centre VTT\"}]},{\"@type\":\"WebSite\",\"@id\":\"https:\/\/www.naturesuiteshotel.com\/#website\",\"url\":\"https:\/\/www.naturesuiteshotel.com\/\",\"name\":\"Nature Suites Hotel\",\"description\":\"Hotel sostenible a los pies del Puig Campana\",\"potentialAction\":[{\"@type\":\"SearchAction\",\"target\":{\"@type\":\"EntryPoint\",\"urlTemplate\":\"https:\/\/www.naturesuiteshotel.com\/?s={search_term_string}\"},\"query-input\":{\"@type\":\"PropertyValueSpecification\",\"valueRequired\":true,\"valueName\":\"search_term_string\"}}],\"inLanguage\":\"fr-FR\"}]}<\/script>\n<!-- \/ Yoast SEO plugin. -->","yoast_head_json":{"title":"Votre Centre VTT au pied du Puig Campana","description":"Profitez de votre escapade \u00e0 la recherche de parcours pour votre VTT. Nous disposons d'un atelier \u00e9quip\u00e9, d'une zone de lavage et d'un garde-v\u00e9los","robots":{"index":"index","follow":"follow","max-snippet":"max-snippet:-1","max-image-preview":"max-image-preview:large","max-video-preview":"max-video-preview:-1"},"canonical":"https:\/\/www.naturesuiteshotel.com\/fr\/centre-vtt\/","og_locale":"fr_FR","og_type":"article","og_title":"Votre Centre VTT au pied du Puig Campana","og_description":"Profitez de votre escapade \u00e0 la recherche de parcours pour votre VTT. Nous disposons d'un atelier \u00e9quip\u00e9, d'une zone de lavage et d'un garde-v\u00e9los","og_url":"https:\/\/www.naturesuiteshotel.com\/fr\/centre-vtt\/","og_site_name":"Nature Suites Hotel","article_modified_time":"2024-07-25T10:04:54+00:00","twitter_card":"summary_large_image","twitter_misc":{"Dur\u00e9e de lecture estim\u00e9e":"3 minutes"},"schema":{"@context":"https:\/\/schema.org","@graph":[{"@type":"WebPage","@id":"https:\/\/www.naturesuiteshotel.com\/fr\/centre-vtt\/","url":"https:\/\/www.naturesuiteshotel.com\/fr\/centre-vtt\/","name":"Votre Centre VTT au pied du Puig Campana","isPartOf":{"@id":"https:\/\/www.naturesuiteshotel.com\/#website"},"datePublished":"2024-03-12T11:52:51+00:00","dateModified":"2024-07-25T10:04:54+00:00","description":"Profitez de votre escapade \u00e0 la recherche de parcours pour votre VTT. Nous disposons d'un atelier \u00e9quip\u00e9, d'une zone de lavage et d'un garde-v\u00e9los","breadcrumb":{"@id":"https:\/\/www.naturesuiteshotel.com\/fr\/centre-vtt\/#breadcrumb"},"inLanguage":"fr-FR","potentialAction":[{"@type":"ReadAction","target":["https:\/\/www.naturesuiteshotel.com\/fr\/centre-vtt\/"]}]},{"@type":"BreadcrumbList","@id":"https:\/\/www.naturesuiteshotel.com\/fr\/centre-vtt\/#breadcrumb","itemListElement":[{"@type":"ListItem","position":1,"name":"Portada","item":"https:\/\/www.naturesuiteshotel.com\/fr\/"},{"@type":"ListItem","position":2,"name":"Centre VTT"}]},{"@type":"WebSite","@id":"https:\/\/www.naturesuiteshotel.com\/#website","url":"https:\/\/www.naturesuiteshotel.com\/","name":"Nature Suites Hotel","description":"Hotel sostenible a los pies del Puig Campana","potentialAction":[{"@type":"SearchAction","target":{"@type":"EntryPoint","urlTemplate":"https:\/\/www.naturesuiteshotel.com\/?s={search_term_string}"},"query-input":{"@type":"PropertyValueSpecification","valueRequired":true,"valueName":"search_term_string"}}],"inLanguage":"fr-FR"}]}},"_links":{"self":[{"href":"https:\/\/www.naturesuiteshotel.com\/fr\/wp-json\/wp\/v2\/pages\/5711"}],"collection":[{"href":"https:\/\/www.naturesuiteshotel.com\/fr\/wp-json\/wp\/v2\/pages"}],"about":[{"href":"https:\/\/www.naturesuiteshotel.com\/fr\/wp-json\/wp\/v2\/types\/page"}],"author":[{"embeddable":true,"href":"https:\/\/www.naturesuiteshotel.com\/fr\/wp-json\/wp\/v2\/users\/12"}],"replies":[{"embeddable":true,"href":"https:\/\/www.naturesuiteshotel.com\/fr\/wp-json\/wp\/v2\/comments?post=5711"}],"version-history":[{"count":5,"href":"https:\/\/www.naturesuiteshotel.com\/fr\/wp-json\/wp\/v2\/pages\/5711\/revisions"}],"predecessor-version":[{"id":6016,"href":"https:\/\/www.naturesuiteshotel.com\/fr\/wp-json\/wp\/v2\/pages\/5711\/revisions\/6016"}],"wp:attachment":[{"href":"https:\/\/www.naturesuiteshotel.com\/fr\/wp-json\/wp\/v2\/media?parent=5711"}],"curies":[{"name":"wp","href":"https:\/\/api.w.org\/{rel}","templated":true}]}}